{"id":13257,"date":"2025-07-17T15:33:27","date_gmt":"2025-07-17T07:33:27","guid":{"rendered":"https:\/\/vip.givegift.com.hk\/?post_type=product&#038;p=13257"},"modified":"2025-07-17T15:33:27","modified_gmt":"2025-07-17T07:33:27","slug":"%e7%b2%be%e9%81%b8%e5%95%86%e5%8b%99%e7%a6%ae%e7%b1%83-hm034","status":"publish","type":"product","link":"https:\/\/vip.givegift.com.hk\/en\/product\/%e7%b2%be%e9%81%b8%e5%95%86%e5%8b%99%e7%a6%ae%e7%b1%83-hm034\/","title":{"rendered":"Business Gift Hamper HM034"},"content":{"rendered":"","protected":false},"excerpt":{"rendered":"<ul>\n<li>DESIDERIO N1 - VAN GOGH SERIES PROSERCCO \/ Imported Sparkling CAVA<\/li>\n<li>Paul Lafayet - Cr\u00e8me Br\u00fbl\u00e9e TART gift set \/ European Premium Gift Box<\/li>\n<li>Paul Lafayet Luxury Tea Bags (Random Flavor) \/ Lane Crawford - Fortnum &amp; Mason, England, Breakfast Blend Tea<\/li>\n<li>Van Gogh - Syrup Waffles Tin \/ European Premium Cookies Gift Box<\/li>\n<li>New English Tea in Tin (Random Flavor) \/ Premium Imported Tea<\/li>\n<li>Godiva G Cube Golden Gift Box 8pcs \/ Godiva Chocolates<\/li>\n<li>Marks &amp; Spencer Cheese Twists \/ Premium Imported Biscuit<\/li>\n<li>Marks &amp; Spencer Crisp Vanilla Flavor Biscuit Curls \/ Premium Imported Biscuit<\/li>\n<li>Japan Royce Marshmallow Chocolate \/ Japan Royce Gift Box<\/li>\n<li>Master Wan Sugar Coated Pecan \/ Premium Dried Fruit<\/li>\n<li>Rattan-style synthetic leather covered square box<\/li>\n<\/ul>","protected":false},"featured_media":13258,"template":"","meta":{"om_disable_all_campaigns":false,"site-sidebar-layout":"default","site-content-layout":"default","ast-site-content-layout":"default","site-content-style":"default","site-sidebar-style":"default","ast-global-header-display":"","ast-banner-title-visibility":"","ast-main-header-display":"","ast-hfb-above-header-display":"","ast-hfb-below-header-display":"","ast-hfb-mobile-header-display":"","site-post-title":"","ast-breadcrumbs-content":"","ast-featured-img":"","footer-sml-layout":"","theme-transparent-header-meta":"default","adv-header-id-meta":"","stick-header-meta":"","header-above-stick-meta":"","header-main-stick-meta":"","header-below-stick-meta":"","astra-migrate-meta-layouts":"default","ast-page-background-enabled":"default","ast-page-background-meta":{"desktop":{"background-color":"","background-image":"","background-repeat":"repeat","background-position":"center center","background-size":"auto","background-attachment":"scroll","background-type":"","background-media":"","overlay-type":"","overlay-color":"","overlay-opacity":"","overlay-gradient":""},"tablet":{"background-color":"","background-image":"","background-repeat":"repeat","background-position":"center center","background-size":"auto","background-attachment":"scroll","background-type":"","background-media":"","overlay-type":"","overlay-color":"","overlay-opacity":"","overlay-gradient":""},"mobile":{"background-color":"","background-image":"","background-repeat":"repeat","background-position":"center center","background-size":"auto","background-attachment":"scroll","background-type":"","background-media":"","overlay-type":"","overlay-color":"","overlay-opacity":"","overlay-gradient":""}},"ast-content-background-meta":{"desktop":{"background-color":"var(--ast-global-color-5)","background-image":"","background-repeat":"repeat","background-position":"center center","background-size":"auto","background-attachment":"scroll","background-type":"","background-media":"","overlay-type":"","overlay-color":"","overlay-opacity":"","overlay-gradient":""},"tablet":{"background-color":"var(--ast-global-color-5)","background-image":"","background-repeat":"repeat","background-position":"center center","background-size":"auto","background-attachment":"scroll","background-type":"","background-media":"","overlay-type":"","overlay-color":"","overlay-opacity":"","overlay-gradient":""},"mobile":{"background-color":"var(--ast-global-color-5)","background-image":"","background-repeat":"repeat","background-position":"center center","background-size":"auto","background-attachment":"scroll","background-type":"","background-media":"","overlay-type":"","overlay-color":"","overlay-opacity":"","overlay-gradient":""}}},"product_brand":[],"product_cat":[121],"product_tag":[],"class_list":{"0":"post-13257","1":"product","2":"type-product","3":"status-publish","4":"has-post-thumbnail","6":"product_cat-121","7":"desktop-align-left","8":"tablet-align-left","9":"mobile-align-left","11":"first","12":"instock","13":"shipping-taxable","14":"purchasable","15":"product-type-simple"},"_links":{"self":[{"href":"https:\/\/vip.givegift.com.hk\/en\/wp-json\/wp\/v2\/product\/13257","targetHints":{"allow":["GET"]}}],"collection":[{"href":"https:\/\/vip.givegift.com.hk\/en\/wp-json\/wp\/v2\/product"}],"about":[{"href":"https:\/\/vip.givegift.com.hk\/en\/wp-json\/wp\/v2\/types\/product"}],"version-history":[{"count":1,"href":"https:\/\/vip.givegift.com.hk\/en\/wp-json\/wp\/v2\/product\/13257\/revisions"}],"predecessor-version":[{"id":13259,"href":"https:\/\/vip.givegift.com.hk\/en\/wp-json\/wp\/v2\/product\/13257\/revisions\/13259"}],"wp:featuredmedia":[{"embeddable":true,"href":"https:\/\/vip.givegift.com.hk\/en\/wp-json\/wp\/v2\/media\/13258"}],"wp:attachment":[{"href":"https:\/\/vip.givegift.com.hk\/en\/wp-json\/wp\/v2\/media?parent=13257"}],"wp:term":[{"taxonomy":"product_brand","embeddable":true,"href":"https:\/\/vip.givegift.com.hk\/en\/wp-json\/wp\/v2\/product_brand?post=13257"},{"taxonomy":"product_cat","embeddable":true,"href":"https:\/\/vip.givegift.com.hk\/en\/wp-json\/wp\/v2\/product_cat?post=13257"},{"taxonomy":"product_tag","embeddable":true,"href":"https:\/\/vip.givegift.com.hk\/en\/wp-json\/wp\/v2\/product_tag?post=13257"}],"curies":[{"name":"wp","href":"https:\/\/api.w.org\/{rel}","templated":true}]}}