{"id":11581,"date":"2025-04-25T12:15:01","date_gmt":"2025-04-25T04:15:01","guid":{"rendered":"https:\/\/vip.givegift.com.hk\/?post_type=product&#038;p=11581"},"modified":"2025-04-25T18:01:15","modified_gmt":"2025-04-25T10:01:15","slug":"ft032-2","status":"publish","type":"product","link":"https:\/\/vip.givegift.com.hk\/en\/product\/ft032-2\/","title":{"rendered":"Luxury Seasonal Business Fruit Gift Hamper FT032"},"content":{"rendered":"<ol>\n<li>10 Types Of Fresh Fruits Are Included In The Basket(about 10-14 pcs)(about 2KG\/5LB)<\/li>\n<\/ol>\n<ul>\n<li>Kirin Fruit X2<\/li>\n<li>Japanese Aomori Apple<\/li>\n<li>Japanese Orin Apple<\/li>\n<li>Red pomegranate \/ Seasonal Fruit<\/li>\n<li>Guava \/ Pear<\/li>\n<li>Persimmons \/ Seasonal Fruit<\/li>\n<li>Golden Kiwi \/ Imported Fruit In Box<\/li>\n<li>Dragon Fruit<\/li>\n<li>Orange \/ Grapefruit X4<\/li>\n<li>Apple X4<\/li>\n<\/ul>\n<p>2.CHANDON Garden Spritz<\/p>\n<p>3.Paul Lafayet - Cr\u00e8me Br\u00fbl\u00e9e TART gift set \/ European Premium Gift Box<\/p>\n<p>4.Paul Lafayet Luxury Tea Bags (Random Flavor) \/ Lane Crawford - Fortnum &amp; Mason, England, Breakfast Blend Tea<\/p>\n<p>5.Teal Color Man-made Leather Hamper (The Style May Vary)<\/p>","protected":false},"excerpt":{"rendered":"<p>\u6b64\u679c\u7c43\u5167\u670910\u6b3e\u9ad8\u7d1a\u65b0\u9bae\u6c34\u679c (\u6a19\u6e96\u679c\u91cf\u5927\u7d0410-14pcs [&hellip;]<\/p>\n","protected":false},"featured_media":11582,"template":"","meta":{"om_disable_all_campaigns":false,"_monsterinsights_skip_tracking":false,"_monsterinsights_sitenote_active":false,"_monsterinsights_sitenote_note":"","_monsterinsights_sitenote_category":0,"site-sidebar-layout":"default","site-content-layout":"default","ast-site-content-layout":"default","site-content-style":"default","site-sidebar-style":"default","ast-global-header-display":"","ast-banner-title-visibility":"","ast-main-header-display":"","ast-hfb-above-header-display":"","ast-hfb-below-header-display":"","ast-hfb-mobile-header-display":"","site-post-title":"","ast-breadcrumbs-content":"","ast-featured-img":"","footer-sml-layout":"","theme-transparent-header-meta":"default","adv-header-id-meta":"","stick-header-meta":"","header-above-stick-meta":"","header-main-stick-meta":"","header-below-stick-meta":"","astra-migrate-meta-layouts":"default","ast-page-background-enabled":"default","ast-page-background-meta":{"desktop":{"background-color":"","background-image":"","background-repeat":"repeat","background-position":"center center","background-size":"auto","background-attachment":"scroll","background-type":"","background-media":"","overlay-type":"","overlay-color":"","overlay-opacity":"","overlay-gradient":""},"tablet":{"background-color":"","background-image":"","background-repeat":"repeat","background-position":"center center","background-size":"auto","background-attachment":"scroll","background-type":"","background-media":"","overlay-type":"","overlay-color":"","overlay-opacity":"","overlay-gradient":""},"mobile":{"background-color":"","background-image":"","background-repeat":"repeat","background-position":"center center","background-size":"auto","background-attachment":"scroll","background-type":"","background-media":"","overlay-type":"","overlay-color":"","overlay-opacity":"","overlay-gradient":""}},"ast-content-background-meta":{"desktop":{"background-color":"var(--ast-global-color-5)","background-image":"","background-repeat":"repeat","background-position":"center center","background-size":"auto","background-attachment":"scroll","background-type":"","background-media":"","overlay-type":"","overlay-color":"","overlay-opacity":"","overlay-gradient":""},"tablet":{"background-color":"var(--ast-global-color-5)","background-image":"","background-repeat":"repeat","background-position":"center center","background-size":"auto","background-attachment":"scroll","background-type":"","background-media":"","overlay-type":"","overlay-color":"","overlay-opacity":"","overlay-gradient":""},"mobile":{"background-color":"var(--ast-global-color-5)","background-image":"","background-repeat":"repeat","background-position":"center center","background-size":"auto","background-attachment":"scroll","background-type":"","background-media":"","overlay-type":"","overlay-color":"","overlay-opacity":"","overlay-gradient":""}}},"product_brand":[],"product_cat":[111],"product_tag":[],"class_list":{"0":"post-11581","1":"product","2":"type-product","3":"status-publish","4":"has-post-thumbnail","6":"product_cat-fruit-baskets","7":"desktop-align-left","8":"tablet-align-left","9":"mobile-align-left","11":"first","12":"instock","13":"shipping-taxable","14":"purchasable","15":"product-type-simple"},"_links":{"self":[{"href":"https:\/\/vip.givegift.com.hk\/en\/wp-json\/wp\/v2\/product\/11581","targetHints":{"allow":["GET"]}}],"collection":[{"href":"https:\/\/vip.givegift.com.hk\/en\/wp-json\/wp\/v2\/product"}],"about":[{"href":"https:\/\/vip.givegift.com.hk\/en\/wp-json\/wp\/v2\/types\/product"}],"version-history":[{"count":3,"href":"https:\/\/vip.givegift.com.hk\/en\/wp-json\/wp\/v2\/product\/11581\/revisions"}],"predecessor-version":[{"id":11614,"href":"https:\/\/vip.givegift.com.hk\/en\/wp-json\/wp\/v2\/product\/11581\/revisions\/11614"}],"wp:featuredmedia":[{"embeddable":true,"href":"https:\/\/vip.givegift.com.hk\/en\/wp-json\/wp\/v2\/media\/11582"}],"wp:attachment":[{"href":"https:\/\/vip.givegift.com.hk\/en\/wp-json\/wp\/v2\/media?parent=11581"}],"wp:term":[{"taxonomy":"product_brand","embeddable":true,"href":"https:\/\/vip.givegift.com.hk\/en\/wp-json\/wp\/v2\/product_brand?post=11581"},{"taxonomy":"product_cat","embeddable":true,"href":"https:\/\/vip.givegift.com.hk\/en\/wp-json\/wp\/v2\/product_cat?post=11581"},{"taxonomy":"product_tag","embeddable":true,"href":"https:\/\/vip.givegift.com.hk\/en\/wp-json\/wp\/v2\/product_tag?post=11581"}],"curies":[{"name":"wp","href":"https:\/\/api.w.org\/{rel}","templated":true}]}}