{"id":11214,"date":"2025-04-01T18:28:50","date_gmt":"2025-04-01T10:28:50","guid":{"rendered":"https:\/\/vip.givegift.com.hk\/?post_type=product&#038;p=11214"},"modified":"2026-04-29T05:14:14","modified_gmt":"2026-04-28T21:14:14","slug":"bd07","status":"publish","type":"product","link":"https:\/\/vip.givegift.com.hk\/en\/product\/bd07\/","title":{"rendered":"Luxury Wine and Food Birthday Gift  Hamper BD07"},"content":{"rendered":"","protected":false},"excerpt":{"rendered":"<ol>\n<li>DESIDERIO N1 - VAN GOGH SERIES PROSERCCO \/ Imported Sparkling CAVA<\/li>\n<li>Paul Lafayet - Cr\u00e8me Br\u00fbl\u00e9e TART gift set \/ European Premium Gift Box<\/li>\n<li>Paul Lafayet Luxury Tea Bags (Random Flavor) \/ Lane Crawford - Fortnum &amp; Mason, England, Breakfast Blend Tea<\/li>\n<li>Lane Crawford - Fortnum &amp; Mason, England, Piccadilly Biscuit Selection in Tin (Made in England) \/ European Premium Cookies or Chocolate Gift Box<\/li>\n<li>Japan Royce Marshmallow Chocolate \/ Japan Royce Gift Box<\/li>\n<li>Godiva Belgium Assorted Chocolates Gift Box \/Premium Imported Biscuit Gift Box<\/li>\n<li>Godiva Chocolatier Cacao Chocolate Bar \/ Godiva Chocolate<\/li>\n<li>M5 Nuts and Kernels 50g<\/li>\n<li>PARTINI Party Champagne glass<\/li>\n<li>PARTINI Party Set<\/li>\n<li>PARTINI Party Barrel<\/li>\n<li>Man-made Leather Gift Box with Cover<\/li>\n<\/ol>","protected":false},"featured_media":11216,"template":"","meta":{"om_disable_all_campaigns":false,"site-sidebar-layout":"default","site-content-layout":"default","ast-site-content-layout":"default","site-content-style":"default","site-sidebar-style":"default","ast-global-header-display":"","ast-banner-title-visibility":"","ast-main-header-display":"","ast-hfb-above-header-display":"","ast-hfb-below-header-display":"","ast-hfb-mobile-header-display":"","site-post-title":"","ast-breadcrumbs-content":"","ast-featured-img":"","footer-sml-layout":"","theme-transparent-header-meta":"default","adv-header-id-meta":"","stick-header-meta":"","header-above-stick-meta":"","header-main-stick-meta":"","header-below-stick-meta":"","astra-migrate-meta-layouts":"set","ast-page-background-enabled":"default","ast-page-background-meta":{"desktop":{"background-color":"","background-image":"","background-repeat":"repeat","background-position":"center center","background-size":"auto","background-attachment":"scroll","background-type":"","background-media":"","overlay-type":"","overlay-color":"","overlay-opacity":"","overlay-gradient":""},"tablet":{"background-color":"","background-image":"","background-repeat":"repeat","background-position":"center center","background-size":"auto","background-attachment":"scroll","background-type":"","background-media":"","overlay-type":"","overlay-color":"","overlay-opacity":"","overlay-gradient":""},"mobile":{"background-color":"","background-image":"","background-repeat":"repeat","background-position":"center center","background-size":"auto","background-attachment":"scroll","background-type":"","background-media":"","overlay-type":"","overlay-color":"","overlay-opacity":"","overlay-gradient":""}},"ast-content-background-meta":{"desktop":{"background-color":"var(--ast-global-color-5)","background-image":"","background-repeat":"repeat","background-position":"center center","background-size":"auto","background-attachment":"scroll","background-type":"","background-media":"","overlay-type":"","overlay-color":"","overlay-opacity":"","overlay-gradient":""},"tablet":{"background-color":"var(--ast-global-color-5)","background-image":"","background-repeat":"repeat","background-position":"center center","background-size":"auto","background-attachment":"scroll","background-type":"","background-media":"","overlay-type":"","overlay-color":"","overlay-opacity":"","overlay-gradient":""},"mobile":{"background-color":"var(--ast-global-color-5)","background-image":"","background-repeat":"repeat","background-position":"center center","background-size":"auto","background-attachment":"scroll","background-type":"","background-media":"","overlay-type":"","overlay-color":"","overlay-opacity":"","overlay-gradient":""}}},"product_brand":[],"product_cat":[122],"product_tag":[],"class_list":{"0":"post-11214","1":"product","2":"type-product","3":"status-publish","4":"has-post-thumbnail","6":"product_cat-122","7":"ssp-build-2026-03-26","8":"desktop-align-left","9":"tablet-align-left","10":"mobile-align-left","12":"first","13":"instock","14":"shipping-taxable","15":"purchasable","16":"product-type-simple"},"_links":{"self":[{"href":"https:\/\/vip.givegift.com.hk\/en\/wp-json\/wp\/v2\/product\/11214","targetHints":{"allow":["GET"]}}],"collection":[{"href":"https:\/\/vip.givegift.com.hk\/en\/wp-json\/wp\/v2\/product"}],"about":[{"href":"https:\/\/vip.givegift.com.hk\/en\/wp-json\/wp\/v2\/types\/product"}],"version-history":[{"count":2,"href":"https:\/\/vip.givegift.com.hk\/en\/wp-json\/wp\/v2\/product\/11214\/revisions"}],"predecessor-version":[{"id":13432,"href":"https:\/\/vip.givegift.com.hk\/en\/wp-json\/wp\/v2\/product\/11214\/revisions\/13432"}],"wp:featuredmedia":[{"embeddable":true,"href":"https:\/\/vip.givegift.com.hk\/en\/wp-json\/wp\/v2\/media\/11216"}],"wp:attachment":[{"href":"https:\/\/vip.givegift.com.hk\/en\/wp-json\/wp\/v2\/media?parent=11214"}],"wp:term":[{"taxonomy":"product_brand","embeddable":true,"href":"https:\/\/vip.givegift.com.hk\/en\/wp-json\/wp\/v2\/product_brand?post=11214"},{"taxonomy":"product_cat","embeddable":true,"href":"https:\/\/vip.givegift.com.hk\/en\/wp-json\/wp\/v2\/product_cat?post=11214"},{"taxonomy":"product_tag","embeddable":true,"href":"https:\/\/vip.givegift.com.hk\/en\/wp-json\/wp\/v2\/product_tag?post=11214"}],"curies":[{"name":"wp","href":"https:\/\/api.w.org\/{rel}","templated":true}]}}